{"id":56,"date":"2020-03-08T11:52:27","date_gmt":"2020-03-08T16:52:27","guid":{"rendered":"http:\/\/fundesac.com.co\/?page_id=56"},"modified":"2020-03-08T18:51:39","modified_gmt":"2020-03-08T23:51:39","slug":"servicios","status":"publish","type":"page","link":"https:\/\/fundesac.com.co\/index.php\/servicios\/","title":{"rendered":"Servicios"},"content":{"rendered":"\n<div class=\"wp-container-3 wp-block-columns\">\n<div class=\"wp-container-1 wp-block-column\">\n<h4 class=\"has-text-align-center\"><strong>Promoci\u00f3n y Desarrollo Social<\/strong><\/h4>\n\n\n<div id=\"pl-gb56-69e60cd9be4c8\"  class=\"panel-layout\" ><div id=\"pg-gb56-69e60cd9be4c8-0\"  class=\"panel-grid panel-no-style\" ><div id=\"pgc-gb56-69e60cd9be4c8-0-0\"  class=\"panel-grid-cell\" ><div id=\"panel-gb56-69e60cd9be4c8-0-0-0\" class=\"so-panel widget widget_media_gallery panel-first-child panel-last-child\" data-index=\"0\" >\n\t\t<style type=\"text\/css\">\n\t\t\t#gallery-1 {\n\t\t\t\tmargin: auto;\n\t\t\t}\n\t\t\t#gallery-1 .gallery-item {\n\t\t\t\tfloat: left;\n\t\t\t\tmargin-top: 10px;\n\t\t\t\ttext-align: center;\n\t\t\t\twidth: 50%;\n\t\t\t}\n\t\t\t#gallery-1 img {\n\t\t\t\tborder: 2px solid #cfcfcf;\n\t\t\t}\n\t\t\t#gallery-1 .gallery-caption {\n\t\t\t\tmargin-left: 0;\n\t\t\t}\n\t\t\t\/* see gallery_shortcode() in wp-includes\/media.php *\/\n\t\t<\/style>\n\t\t<div id='gallery-1' class='gallery galleryid-56 gallery-columns-2 gallery-size-thumbnail'><dl class='gallery-item'>\n\t\t\t<dt class='gallery-icon landscape'>\n\t\t\t\t<a href='https:\/\/fundesac.com.co\/index.php\/servicios\/attachment\/5\/#main'><img width=\"150\" height=\"150\" src=\"https:\/\/fundesac.com.co\/wp-content\/uploads\/2020\/03\/5-150x150.jpg\" class=\"attachment-thumbnail size-thumbnail\" alt=\"\" loading=\"lazy\" \/><\/a>\n\t\t\t<\/dt><\/dl><dl class='gallery-item'>\n\t\t\t<dt class='gallery-icon landscape'>\n\t\t\t\t<a href='https:\/\/fundesac.com.co\/index.php\/servicios\/attachment\/1\/#main'><img width=\"150\" height=\"150\" src=\"https:\/\/fundesac.com.co\/wp-content\/uploads\/2020\/03\/1-150x150.jpg\" class=\"attachment-thumbnail size-thumbnail\" alt=\"\" loading=\"lazy\" \/><\/a>\n\t\t\t<\/dt><\/dl><br style=\"clear: both\" \/><dl class='gallery-item'>\n\t\t\t<dt class='gallery-icon portrait'>\n\t\t\t\t<a href='https:\/\/fundesac.com.co\/index.php\/servicios\/attachment\/2\/#main'><img width=\"150\" height=\"150\" src=\"https:\/\/fundesac.com.co\/wp-content\/uploads\/2020\/03\/2-150x150.jpg\" class=\"attachment-thumbnail size-thumbnail\" alt=\"\" loading=\"lazy\" \/><\/a>\n\t\t\t<\/dt><\/dl><dl class='gallery-item'>\n\t\t\t<dt class='gallery-icon landscape'>\n\t\t\t\t<a href='https:\/\/fundesac.com.co\/index.php\/servicios\/attachment\/4\/#main'><img width=\"150\" height=\"150\" src=\"https:\/\/fundesac.com.co\/wp-content\/uploads\/2020\/03\/4-150x150.jpg\" class=\"attachment-thumbnail size-thumbnail\" alt=\"\" loading=\"lazy\" \/><\/a>\n\t\t\t<\/dt><\/dl><br style=\"clear: both\" \/>\n\t\t<\/div>\n<\/div><\/div><\/div><\/div><\/div>\n\n\n\n<div class=\"wp-container-2 wp-block-column\">\n<h4 class=\"has-text-align-center\"><strong>Gesti\u00f3n Ambiental y Sostenibilidad<\/strong><\/h4>\n\n\n<div id=\"pl-gb56-69e60cd9bfbb3\"  class=\"panel-layout\" ><div id=\"pg-gb56-69e60cd9bfbb3-0\"  class=\"panel-grid panel-no-style\" ><div id=\"pgc-gb56-69e60cd9bfbb3-0-0\"  class=\"panel-grid-cell\" ><div id=\"panel-gb56-69e60cd9bfbb3-0-0-0\" class=\"so-panel widget widget_media_gallery panel-first-child panel-last-child\" data-index=\"0\" >\n\t\t<style type=\"text\/css\">\n\t\t\t#gallery-2 {\n\t\t\t\tmargin: auto;\n\t\t\t}\n\t\t\t#gallery-2 .gallery-item {\n\t\t\t\tfloat: left;\n\t\t\t\tmargin-top: 10px;\n\t\t\t\ttext-align: center;\n\t\t\t\twidth: 50%;\n\t\t\t}\n\t\t\t#gallery-2 img {\n\t\t\t\tborder: 2px solid #cfcfcf;\n\t\t\t}\n\t\t\t#gallery-2 .gallery-caption {\n\t\t\t\tmargin-left: 0;\n\t\t\t}\n\t\t\t\/* see gallery_shortcode() in wp-includes\/media.php *\/\n\t\t<\/style>\n\t\t<div id='gallery-2' class='gallery galleryid-56 gallery-columns-2 gallery-size-thumbnail'><dl class='gallery-item'>\n\t\t\t<dt class='gallery-icon landscape'>\n\t\t\t\t<a href='https:\/\/fundesac.com.co\/index.php\/servicios\/4-2\/#main'><img width=\"150\" height=\"150\" src=\"https:\/\/fundesac.com.co\/wp-content\/uploads\/2020\/03\/4-1-150x150.jpg\" class=\"attachment-thumbnail size-thumbnail\" alt=\"\" loading=\"lazy\" \/><\/a>\n\t\t\t<\/dt><\/dl><dl class='gallery-item'>\n\t\t\t<dt class='gallery-icon landscape'>\n\t\t\t\t<a href='https:\/\/fundesac.com.co\/index.php\/servicios\/3-2\/#main'><img width=\"150\" height=\"150\" src=\"https:\/\/fundesac.com.co\/wp-content\/uploads\/2020\/03\/3-1-150x150.jpg\" class=\"attachment-thumbnail size-thumbnail\" alt=\"\" loading=\"lazy\" \/><\/a>\n\t\t\t<\/dt><\/dl><br style=\"clear: both\" \/><dl class='gallery-item'>\n\t\t\t<dt class='gallery-icon landscape'>\n\t\t\t\t<a href='https:\/\/fundesac.com.co\/index.php\/servicios\/2-2\/#main'><img width=\"150\" height=\"150\" src=\"https:\/\/fundesac.com.co\/wp-content\/uploads\/2020\/03\/2-1-150x150.jpg\" class=\"attachment-thumbnail size-thumbnail\" alt=\"\" loading=\"lazy\" \/><\/a>\n\t\t\t<\/dt><\/dl><dl class='gallery-item'>\n\t\t\t<dt class='gallery-icon landscape'>\n\t\t\t\t<a href='https:\/\/fundesac.com.co\/index.php\/servicios\/1-2\/#main'><img width=\"150\" height=\"150\" src=\"https:\/\/fundesac.com.co\/wp-content\/uploads\/2020\/03\/1-150x150.png\" class=\"attachment-thumbnail size-thumbnail\" alt=\"\" loading=\"lazy\" \/><\/a>\n\t\t\t<\/dt><\/dl><br style=\"clear: both\" \/>\n\t\t<\/div>\n<\/div><\/div><\/div><\/div><\/div>\n<\/div>\n\n\n\n<div class=\"wp-container-6 wp-block-columns\">\n<div class=\"wp-container-4 wp-block-column\">\n<h3 class=\"has-text-align-center\"><strong>Asesor\u00eda Empresarial<\/strong><\/h3>\n\n\n<div id=\"pl-gb56-69e60cd9c0eee\"  class=\"panel-layout\" ><div id=\"pg-gb56-69e60cd9c0eee-0\"  class=\"panel-grid panel-no-style\" ><div id=\"pgc-gb56-69e60cd9c0eee-0-0\"  class=\"panel-grid-cell\" ><div id=\"panel-gb56-69e60cd9c0eee-0-0-0\" class=\"so-panel widget widget_media_gallery panel-first-child panel-last-child\" data-index=\"0\" >\n\t\t<style type=\"text\/css\">\n\t\t\t#gallery-3 {\n\t\t\t\tmargin: auto;\n\t\t\t}\n\t\t\t#gallery-3 .gallery-item {\n\t\t\t\tfloat: left;\n\t\t\t\tmargin-top: 10px;\n\t\t\t\ttext-align: center;\n\t\t\t\twidth: 50%;\n\t\t\t}\n\t\t\t#gallery-3 img {\n\t\t\t\tborder: 2px solid #cfcfcf;\n\t\t\t}\n\t\t\t#gallery-3 .gallery-caption {\n\t\t\t\tmargin-left: 0;\n\t\t\t}\n\t\t\t\/* see gallery_shortcode() in wp-includes\/media.php *\/\n\t\t<\/style>\n\t\t<div id='gallery-3' class='gallery galleryid-56 gallery-columns-2 gallery-size-thumbnail'><dl class='gallery-item'>\n\t\t\t<dt class='gallery-icon portrait'>\n\t\t\t\t<a href='https:\/\/fundesac.com.co\/index.php\/servicios\/2-3\/#main'><img width=\"150\" height=\"150\" src=\"https:\/\/fundesac.com.co\/wp-content\/uploads\/2020\/03\/2-2-150x150.jpg\" class=\"attachment-thumbnail size-thumbnail\" alt=\"\" loading=\"lazy\" \/><\/a>\n\t\t\t<\/dt><\/dl><dl class='gallery-item'>\n\t\t\t<dt class='gallery-icon landscape'>\n\t\t\t\t<a href='https:\/\/fundesac.com.co\/index.php\/servicios\/1-3\/#main'><img width=\"150\" height=\"150\" src=\"https:\/\/fundesac.com.co\/wp-content\/uploads\/2020\/03\/1-1-150x150.jpg\" class=\"attachment-thumbnail size-thumbnail\" alt=\"\" loading=\"lazy\" \/><\/a>\n\t\t\t<\/dt><\/dl><br style=\"clear: both\" \/><dl class='gallery-item'>\n\t\t\t<dt class='gallery-icon landscape'>\n\t\t\t\t<a href='https:\/\/fundesac.com.co\/index.php\/servicios\/3-3\/#main'><img width=\"150\" height=\"150\" src=\"https:\/\/fundesac.com.co\/wp-content\/uploads\/2020\/03\/3-2-150x150.jpg\" class=\"attachment-thumbnail size-thumbnail\" alt=\"\" loading=\"lazy\" \/><\/a>\n\t\t\t<\/dt><\/dl><dl class='gallery-item'>\n\t\t\t<dt class='gallery-icon landscape'>\n\t\t\t\t<a href='https:\/\/fundesac.com.co\/index.php\/servicios\/4-3\/#main'><img width=\"150\" height=\"150\" src=\"https:\/\/fundesac.com.co\/wp-content\/uploads\/2020\/03\/4-2-150x150.jpg\" class=\"attachment-thumbnail size-thumbnail\" alt=\"\" loading=\"lazy\" \/><\/a>\n\t\t\t<\/dt><\/dl><br style=\"clear: both\" \/>\n\t\t<\/div>\n<\/div><\/div><\/div><\/div><\/div>\n\n\n\n<div class=\"wp-container-5 wp-block-column\">\n<h3 class=\"has-text-align-center\"><strong>Formaci\u00f3n y Capacitaci\u00f3n<\/strong><\/h3>\n\n\n<div id=\"pl-gb56-69e60cd9c1c45\"  class=\"panel-layout\" ><div id=\"pg-gb56-69e60cd9c1c45-0\"  class=\"panel-grid panel-no-style\" ><div id=\"pgc-gb56-69e60cd9c1c45-0-0\"  class=\"panel-grid-cell\" ><div id=\"panel-gb56-69e60cd9c1c45-0-0-0\" class=\"so-panel widget widget_media_gallery panel-first-child panel-last-child\" data-index=\"0\" >\n\t\t<style type=\"text\/css\">\n\t\t\t#gallery-4 {\n\t\t\t\tmargin: auto;\n\t\t\t}\n\t\t\t#gallery-4 .gallery-item {\n\t\t\t\tfloat: left;\n\t\t\t\tmargin-top: 10px;\n\t\t\t\ttext-align: center;\n\t\t\t\twidth: 50%;\n\t\t\t}\n\t\t\t#gallery-4 img {\n\t\t\t\tborder: 2px solid #cfcfcf;\n\t\t\t}\n\t\t\t#gallery-4 .gallery-caption {\n\t\t\t\tmargin-left: 0;\n\t\t\t}\n\t\t\t\/* see gallery_shortcode() in wp-includes\/media.php *\/\n\t\t<\/style>\n\t\t<div id='gallery-4' class='gallery galleryid-56 gallery-columns-2 gallery-size-thumbnail'><dl class='gallery-item'>\n\t\t\t<dt class='gallery-icon portrait'>\n\t\t\t\t<a href='https:\/\/fundesac.com.co\/index.php\/servicios\/1-4\/#main'><img width=\"150\" height=\"150\" src=\"https:\/\/fundesac.com.co\/wp-content\/uploads\/2020\/03\/1-2-150x150.jpg\" class=\"attachment-thumbnail size-thumbnail\" alt=\"\" loading=\"lazy\" \/><\/a>\n\t\t\t<\/dt><\/dl><dl class='gallery-item'>\n\t\t\t<dt class='gallery-icon landscape'>\n\t\t\t\t<a href='https:\/\/fundesac.com.co\/index.php\/servicios\/3-4\/#main'><img width=\"150\" height=\"150\" src=\"https:\/\/fundesac.com.co\/wp-content\/uploads\/2020\/03\/3-3-150x150.jpg\" class=\"attachment-thumbnail size-thumbnail\" alt=\"\" loading=\"lazy\" \/><\/a>\n\t\t\t<\/dt><\/dl><br style=\"clear: both\" \/><dl class='gallery-item'>\n\t\t\t<dt class='gallery-icon landscape'>\n\t\t\t\t<a href='https:\/\/fundesac.com.co\/index.php\/servicios\/5-2\/#main'><img width=\"150\" height=\"150\" src=\"https:\/\/fundesac.com.co\/wp-content\/uploads\/2020\/03\/5-1-150x150.jpg\" class=\"attachment-thumbnail size-thumbnail\" alt=\"\" loading=\"lazy\" \/><\/a>\n\t\t\t<\/dt><\/dl><dl class='gallery-item'>\n\t\t\t<dt class='gallery-icon landscape'>\n\t\t\t\t<a href='https:\/\/fundesac.com.co\/index.php\/servicios\/2-4\/#main'><img width=\"150\" height=\"150\" src=\"https:\/\/fundesac.com.co\/wp-content\/uploads\/2020\/03\/2-3-150x150.jpg\" class=\"attachment-thumbnail size-thumbnail\" alt=\"\" loading=\"lazy\" \/><\/a>\n\t\t\t<\/dt><\/dl><br style=\"clear: both\" \/>\n\t\t<\/div>\n<\/div><\/div><\/div><\/div><\/div>\n<\/div>\n\n\n\n<div class=\"wp-container-9 wp-block-columns\">\n<div class=\"wp-container-7 wp-block-column\">\n<h3 class=\"has-text-align-center\"><strong>Fomento Cultural<\/strong><\/h3>\n\n\n\n<h4 class=\"has-text-align-center\">Alianza con Fundaci\u00f3n Ca\u00f1a Miel<\/h4>\n\n\n<div id=\"pl-gb56-69e60cd9c2a85\"  class=\"panel-layout\" ><div id=\"pg-gb56-69e60cd9c2a85-0\"  class=\"panel-grid panel-no-style\" ><div id=\"pgc-gb56-69e60cd9c2a85-0-0\"  class=\"panel-grid-cell\" ><div id=\"panel-gb56-69e60cd9c2a85-0-0-0\" class=\"so-panel widget widget_media_gallery panel-first-child panel-last-child\" data-index=\"0\" >\n\t\t<style type=\"text\/css\">\n\t\t\t#gallery-5 {\n\t\t\t\tmargin: auto;\n\t\t\t}\n\t\t\t#gallery-5 .gallery-item {\n\t\t\t\tfloat: left;\n\t\t\t\tmargin-top: 10px;\n\t\t\t\ttext-align: center;\n\t\t\t\twidth: 50%;\n\t\t\t}\n\t\t\t#gallery-5 img {\n\t\t\t\tborder: 2px solid #cfcfcf;\n\t\t\t}\n\t\t\t#gallery-5 .gallery-caption {\n\t\t\t\tmargin-left: 0;\n\t\t\t}\n\t\t\t\/* see gallery_shortcode() in wp-includes\/media.php *\/\n\t\t<\/style>\n\t\t<div id='gallery-5' class='gallery galleryid-56 gallery-columns-2 gallery-size-thumbnail'><dl class='gallery-item'>\n\t\t\t<dt class='gallery-icon landscape'>\n\t\t\t\t<a href='https:\/\/fundesac.com.co\/index.php\/servicios\/2-5\/#main'><img width=\"150\" height=\"150\" src=\"https:\/\/fundesac.com.co\/wp-content\/uploads\/2020\/03\/2-4-150x150.jpg\" class=\"attachment-thumbnail size-thumbnail\" alt=\"\" loading=\"lazy\" \/><\/a>\n\t\t\t<\/dt><\/dl><dl class='gallery-item'>\n\t\t\t<dt class='gallery-icon landscape'>\n\t\t\t\t<a href='https:\/\/fundesac.com.co\/index.php\/servicios\/4-4\/#main'><img width=\"150\" height=\"150\" src=\"https:\/\/fundesac.com.co\/wp-content\/uploads\/2020\/03\/4-3-150x150.jpg\" class=\"attachment-thumbnail size-thumbnail\" alt=\"\" loading=\"lazy\" \/><\/a>\n\t\t\t<\/dt><\/dl><br style=\"clear: both\" \/><dl class='gallery-item'>\n\t\t\t<dt class='gallery-icon landscape'>\n\t\t\t\t<a href='https:\/\/fundesac.com.co\/index.php\/servicios\/3-5\/#main'><img width=\"150\" height=\"150\" src=\"https:\/\/fundesac.com.co\/wp-content\/uploads\/2020\/03\/3-4-150x150.jpg\" class=\"attachment-thumbnail size-thumbnail\" alt=\"\" loading=\"lazy\" \/><\/a>\n\t\t\t<\/dt><\/dl><dl class='gallery-item'>\n\t\t\t<dt class='gallery-icon landscape'>\n\t\t\t\t<a href='https:\/\/fundesac.com.co\/index.php\/servicios\/1-5\/#main'><img width=\"150\" height=\"150\" src=\"https:\/\/fundesac.com.co\/wp-content\/uploads\/2020\/03\/1-3-150x150.jpg\" class=\"attachment-thumbnail size-thumbnail\" alt=\"\" loading=\"lazy\" \/><\/a>\n\t\t\t<\/dt><\/dl><br style=\"clear: both\" \/>\n\t\t<\/div>\n<\/div><\/div><\/div><\/div><\/div>\n\n\n\n<div class=\"wp-container-8 wp-block-column\">\n<figure class=\"wp-block-image size-large is-resized\"><img loading=\"lazy\" src=\"https:\/\/fundesac.com.co\/wp-content\/uploads\/2020\/03\/ca\u00f1amiel-617x1024.jpg\" alt=\"\" class=\"wp-image-146\" width=\"246\" height=\"407\" srcset=\"https:\/\/fundesac.com.co\/wp-content\/uploads\/2020\/03\/ca\u00f1amiel-617x1024.jpg 617w, https:\/\/fundesac.com.co\/wp-content\/uploads\/2020\/03\/ca\u00f1amiel-181x300.jpg 181w, https:\/\/fundesac.com.co\/wp-content\/uploads\/2020\/03\/ca\u00f1amiel-768x1275.jpg 768w, https:\/\/fundesac.com.co\/wp-content\/uploads\/2020\/03\/ca\u00f1amiel-925x1536.jpg 925w, https:\/\/fundesac.com.co\/wp-content\/uploads\/2020\/03\/ca\u00f1amiel.jpg 944w\" sizes=\"(max-width: 246px) 100vw, 246px\" \/><\/figure>\n<\/div>\n<\/div>\n","protected":false},"excerpt":{"rendered":"<p>Promoci\u00f3n y Desarrollo Social Gesti\u00f3n Ambiental y Sostenibilidad Asesor\u00eda Empresarial Formaci\u00f3n y Capacitaci\u00f3n Fomento Cultural Alianza con Fundaci\u00f3n Ca\u00f1a Miel<\/p>\n","protected":false},"author":1,"featured_media":0,"parent":0,"menu_order":0,"comment_status":"closed","ping_status":"closed","template":"","meta":[],"_links":{"self":[{"href":"https:\/\/fundesac.com.co\/index.php\/wp-json\/wp\/v2\/pages\/56"}],"collection":[{"href":"https:\/\/fundesac.com.co\/index.php\/wp-json\/wp\/v2\/pages"}],"about":[{"href":"https:\/\/fundesac.com.co\/index.php\/wp-json\/wp\/v2\/types\/page"}],"author":[{"embeddable":true,"href":"https:\/\/fundesac.com.co\/index.php\/wp-json\/wp\/v2\/users\/1"}],"replies":[{"embeddable":true,"href":"https:\/\/fundesac.com.co\/index.php\/wp-json\/wp\/v2\/comments?post=56"}],"version-history":[{"count":8,"href":"https:\/\/fundesac.com.co\/index.php\/wp-json\/wp\/v2\/pages\/56\/revisions"}],"predecessor-version":[{"id":154,"href":"https:\/\/fundesac.com.co\/index.php\/wp-json\/wp\/v2\/pages\/56\/revisions\/154"}],"wp:attachment":[{"href":"https:\/\/fundesac.com.co\/index.php\/wp-json\/wp\/v2\/media?parent=56"}],"curies":[{"name":"wp","href":"https:\/\/api.w.org\/{rel}","templated":true}]}}