{"id":41,"date":"2020-03-08T11:29:43","date_gmt":"2020-03-08T16:29:43","guid":{"rendered":"http:\/\/fundesac.com.co\/?page_id=41"},"modified":"2020-03-08T12:14:25","modified_gmt":"2020-03-08T17:14:25","slug":"sobre-nosotros","status":"publish","type":"page","link":"https:\/\/fundesac.com.co\/index.php\/sobre-nosotros\/","title":{"rendered":"Sobre Nosotros"},"content":{"rendered":"<div id=\"pl-41\" class=\"panel-layout\">\n<div id=\"pg-41-0\" class=\"panel-grid panel-no-style\" data-style=\"{&quot;background_image_attachment&quot;:false,&quot;background_display&quot;:&quot;tile&quot;,&quot;cell_alignment&quot;:&quot;flex-start&quot;}\" data-ratio=\"1\" data-ratio-direction=\"right\">\n<div id=\"pgc-41-0-0\" class=\"panel-grid-cell panel-grid-cell-empty\" data-style=\"{&quot;background_image_attachment&quot;:false,&quot;background_display&quot;:&quot;tile&quot;,&quot;vertical_alignment&quot;:&quot;auto&quot;}\" data-weight=\"0.12517281295498\"><span style=\"font-weight: 400;\">FUNDESAC es una entidad sin \u00e1nimo de lucro, comprometida con el desarrollo social, econ\u00f3mico, ambiental y cultural del pa\u00eds, mediante la promoci\u00f3n del fortalecimiento al sector empresarial, la convivencia ciudadana y la conservaci\u00f3n de los recursos naturales a trav\u00e9s de la ejecuci\u00f3n de programas y proyectos que garanticen la armon\u00eda del hombre con su entorno ambiental<\/span><span style=\"font-weight: 400;\">.<\/span><\/div>\n<div id=\"pgc-41-0-2\" class=\"panel-grid-cell panel-grid-cell-empty\" data-weight=\"0.12517281295498\">&nbsp;<\/div>\n<\/div>\n<\/div>\n\n\n<div class=\"wp-container-3 wp-block-columns\">\n<div class=\"wp-container-1 wp-block-column\">\n<h3>Misi\u00f3n<\/h3>\n\n\n\n<p>FUNDESAC es una entidad sin \u00e1nimo de lucro, comprometida con el desarrollo social, econ\u00f3mico, ambiental y cultural del pa\u00eds, mediante la promoci\u00f3n del fortalecimiento al sector empresarial, la convivencia ciudadana y la conservaci\u00f3n de los recursos naturales a trav\u00e9s de la ejecuci\u00f3n de programas y proyectos que garanticen la armon\u00eda del hombre con su entorno ambiental.<\/p>\n<\/div>\n\n\n\n<div class=\"wp-container-2 wp-block-column\">\n<h3>Visi\u00f3n<\/h3>\n\n\n\n<p>FUNDESAC para el a\u00f1o 2025 ser\u00e1 reconocida como una de las m\u00e1s importantes entidades promotoras de la aplicaci\u00f3n de conocimientos socio-ambientales y su integraci\u00f3n con las din\u00e1micas intersectoriales en el \u00e1mbito local, departamental y regional, caracterizada por la calidad de sus servicios, su liderazgo y compromiso.<\/p>\n<\/div>\n<\/div>\n\n\n\n<div class=\"wp-container-6 wp-block-columns\">\n<div class=\"wp-container-4 wp-block-column\" style=\"flex-basis:33.33%\">\n<figure class=\"wp-block-image size-large is-resized\"><img loading=\"lazy\" src=\"https:\/\/fundesac.com.co\/wp-content\/uploads\/2020\/03\/monkey-576x1024.jpg\" alt=\"\" class=\"wp-image-46\" width=\"202\" height=\"358\" srcset=\"https:\/\/fundesac.com.co\/wp-content\/uploads\/2020\/03\/monkey-576x1024.jpg 576w, https:\/\/fundesac.com.co\/wp-content\/uploads\/2020\/03\/monkey-169x300.jpg 169w, https:\/\/fundesac.com.co\/wp-content\/uploads\/2020\/03\/monkey-768x1365.jpg 768w, https:\/\/fundesac.com.co\/wp-content\/uploads\/2020\/03\/monkey-864x1536.jpg 864w, https:\/\/fundesac.com.co\/wp-content\/uploads\/2020\/03\/monkey.jpg 1080w\" sizes=\"(max-width: 202px) 100vw, 202px\" \/><\/figure>\n<\/div>\n\n\n\n<div class=\"wp-container-5 wp-block-column\" style=\"flex-basis:66.66%\">\n<p>Para lograr nuestros objetivos nos apoyamos en el cumplimiento de nuestros principios corporativos que son:<\/p>\n\n\n\n<ul><li>Calidad en la atenci\u00f3n y prestaci\u00f3n de sus servicios acorde con est\u00e1ndares de calidad a nivel nacional e internacional.<\/li><li>Lealtad para con sus miembros, entidades afiliadas y todas aquellas a las que se le prestan los servicios.&nbsp;<\/li><li>Integridad \u00e9tica y moral en las relaciones interpersonales.<\/li><li>Autonom\u00eda para la selecci\u00f3n, gesti\u00f3n y administraci\u00f3n de propuestas y proyectos de intervenci\u00f3n.&nbsp;<\/li><li>Igualdad de derechos y obligaciones de los afiliados de acuerdo al reglamento interno en un contexto de participaci\u00f3n democr\u00e1tica en las deliberaciones y decisiones.&nbsp;<\/li><li>Respeto y honestidad en cada una de sus decisiones para con sus miembros y la comunidad.<\/li><li>La conservaci\u00f3n de la biodiversidad y el sustento de los conocimientos asociados a ella son responsabilidad inherente a todos los individuos de la sociedad.<\/li><li>La construcci\u00f3n trans-disciplinaria como una opci\u00f3n que constituye las diferentes dimensiones de los saberes para lograr una visi\u00f3n integral y panor\u00e1mica de la realidad ambiental.<\/li><\/ul>\n<\/div>\n<\/div>\n\n\n<div id=\"pl-gb41-69de452041dbe\"  class=\"panel-layout\" ><div id=\"pg-gb41-69de452041dbe-0\"  class=\"panel-grid panel-no-style\" ><div id=\"pgc-gb41-69de452041dbe-0-0\"  class=\"panel-grid-cell panel-grid-cell-mobile-last\" ><div id=\"panel-gb41-69de452041dbe-0-0-0\" class=\"so-panel widget widget_siteorigin-panels-postloop panel-first-child panel-last-child\" data-index=\"0\" ><h3 class=\"widget-title\"><span class=\"vantage-carousel-title\"><span class=\"vantage-carousel-title-text\">Latest posts<\/span><a href=\"#\" class=\"next\" title=\"Next\"><span class=\"vantage-icon-arrow-right\"><\/span><\/a><a href=\"#\" class=\"previous\" title=\"Previous\"><span class=\"vantage-icon-arrow-left\"><\/span><\/a><\/span><\/h3><div class=\"vantage-carousel-wrapper\">\n\n\t\n\t<ul class=\"vantage-carousel\" data-query=\"{&quot;post_status&quot;:&quot;publish&quot;,&quot;posts_per_page&quot;:10,&quot;post_type&quot;:&quot;post&quot;,&quot;date_type&quot;:&quot;specific&quot;,&quot;date_query&quot;:{&quot;after&quot;:&quot;&quot;,&quot;before&quot;:&quot;&quot;,&quot;inclusive&quot;:true},&quot;date_query_relative&quot;:&quot;{\\&quot;from\\&quot;:[],\\&quot;to\\&quot;:[]}&quot;,&quot;orderby&quot;:&quot;date&quot;,&quot;order&quot;:&quot;DESC&quot;,&quot;post__not_in&quot;:[41,&quot;gb41-69de452041dbe&quot;],&quot;paged&quot;:1,&quot;lazy_load_term_meta&quot;:true}\" data-ajax-url=\"https:\/\/fundesac.com.co\/wp-admin\/admin-ajax.php\">\n\t\t\t<\/ul>\n<\/div>\n<\/div><\/div><div id=\"pgc-gb41-69de452041dbe-0-1\"  class=\"panel-grid-cell panel-grid-cell-empty\" ><\/div><\/div><\/div>","protected":false},"excerpt":{"rendered":"<p>FUNDESAC es una entidad sin \u00e1nimo de lucro, comprometida con el desarrollo social, econ\u00f3mico, ambiental y cultural del pa\u00eds, mediante la promoci\u00f3n del fortalecimiento al sector empresarial, la convivencia ciudadana y la conservaci\u00f3n de los recursos naturales a trav\u00e9s de la ejecuci\u00f3n de programas y proyectos que garanticen la armon\u00eda del hombre con su entorno [&hellip;]<\/p>\n","protected":false},"author":1,"featured_media":0,"parent":0,"menu_order":0,"comment_status":"closed","ping_status":"closed","template":"","meta":[],"_links":{"self":[{"href":"https:\/\/fundesac.com.co\/index.php\/wp-json\/wp\/v2\/pages\/41"}],"collection":[{"href":"https:\/\/fundesac.com.co\/index.php\/wp-json\/wp\/v2\/pages"}],"about":[{"href":"https:\/\/fundesac.com.co\/index.php\/wp-json\/wp\/v2\/types\/page"}],"author":[{"embeddable":true,"href":"https:\/\/fundesac.com.co\/index.php\/wp-json\/wp\/v2\/users\/1"}],"replies":[{"embeddable":true,"href":"https:\/\/fundesac.com.co\/index.php\/wp-json\/wp\/v2\/comments?post=41"}],"version-history":[{"count":20,"href":"https:\/\/fundesac.com.co\/index.php\/wp-json\/wp\/v2\/pages\/41\/revisions"}],"predecessor-version":[{"id":72,"href":"https:\/\/fundesac.com.co\/index.php\/wp-json\/wp\/v2\/pages\/41\/revisions\/72"}],"wp:attachment":[{"href":"https:\/\/fundesac.com.co\/index.php\/wp-json\/wp\/v2\/media?parent=41"}],"curies":[{"name":"wp","href":"https:\/\/api.w.org\/{rel}","templated":true}]}}