{"id":28,"date":"2020-03-02T20:37:14","date_gmt":"2020-03-03T01:37:14","guid":{"rendered":"http:\/\/fundesac.com.co\/index.php\/home-page\/"},"modified":"2020-03-09T18:11:56","modified_gmt":"2020-03-09T23:11:56","slug":"home-page","status":"publish","type":"page","link":"https:\/\/fundesac.com.co\/","title":{"rendered":"Home Page"},"content":{"rendered":"<div id=\"pl-28\"  class=\"panel-layout\" ><div id=\"pg-28-0\"  class=\"panel-grid panel-no-style\" ><div id=\"pgc-28-0-0\"  class=\"panel-grid-cell\" ><div id=\"panel-28-0-0-0\" class=\"so-panel widget widget_circleicon-widget panel-first-child panel-last-child\" data-index=\"0\" >\t\t<div class=\"circle-icon-box circle-icon-position-top circle-icon-hide-box circle-icon-size-small \">\n\t\t\t\t\t\t\t<div class=\"circle-icon-wrapper\">\n\t\t\t\t\t\t\t\t\t\t<div class=\"circle-icon\" >\n\t\t\t\t\t\t<div class=\"fa fa-pencil-square-o\" ><\/div>\t\t\t\t\t<\/div>\n\t\t\t\t\t\t\t\t\t<\/div>\n\t\t\t\n\t\t\t\t\t\t<h4 >Quienes Somos<\/h4>\t\t\t\n\t\t\t<p class=\"text\" >FUNDESAC es una entidad conformada por un grupo de profesionales comprometidos con el desarrollo social, econ\u00f3mico, ambiental y cultural de la ciudad de Palmira, los departamentos y la naci\u00f3n; promotores del uso sustentable de los recursos naturales y las formas de construcci\u00f3n social consecuentes con la justicia, la equidad y la convivencia.<\/p>\t\t\t\t\t<\/div>\n\t\t<\/div><\/div><div id=\"pgc-28-0-1\"  class=\"panel-grid-cell\" ><div id=\"panel-28-0-1-0\" class=\"so-panel widget widget_circleicon-widget panel-first-child panel-last-child\" data-index=\"1\" >\t\t<div class=\"circle-icon-box circle-icon-position-top circle-icon-hide-box circle-icon-size-small \">\n\t\t\t\t\t\t\t<div class=\"circle-icon-wrapper\">\n\t\t\t\t\t\t\t\t\t\t<div class=\"circle-icon\" >\n\t\t\t\t\t\t<div class=\"fa fa-check-circle-o\" ><\/div>\t\t\t\t\t<\/div>\n\t\t\t\t\t\t\t\t\t<\/div>\n\t\t\t\n\t\t\t\t\t\t<h4 >Misi\u00f3n<\/h4>\t\t\t\n\t\t\t<p class=\"text\" >FUNDESAC es una entidad sin \u00e1nimo de lucro, comprometida con el desarrollo social, econ\u00f3mico, ambiental y cultural del pa\u00eds, mediante la promoci\u00f3n del fortalecimiento al sector empresarial, la convivencia ciudadana y la conservaci\u00f3n de los recursos naturales a trav\u00e9s de la ejecuci\u00f3n de programas y proyectos que garanticen la armon\u00eda del hombre con su entorno ambiental.<\/p>\t\t\t\t\t<\/div>\n\t\t<\/div><\/div><div id=\"pgc-28-0-2\"  class=\"panel-grid-cell\" ><div id=\"panel-28-0-2-0\" class=\"so-panel widget widget_circleicon-widget panel-first-child panel-last-child\" data-index=\"2\" >\t\t<div class=\"circle-icon-box circle-icon-position-top circle-icon-hide-box circle-icon-size-small \">\n\t\t\t\t\t\t\t<div class=\"circle-icon-wrapper\">\n\t\t\t\t\t\t\t\t\t\t<div class=\"circle-icon\" >\n\t\t\t\t\t\t<div class=\"fa fa-clock-o\" ><\/div>\t\t\t\t\t<\/div>\n\t\t\t\t\t\t\t\t\t<\/div>\n\t\t\t\n\t\t\t\t\t\t<h4 >Visi\u00f3n<\/h4>\t\t\t\n\t\t\t<p class=\"text\" >FUNDESAC para el a\u00f1o 2025 ser\u00e1 reconocida como una de las m\u00e1s importantes entidades promotoras de la aplicaci\u00f3n de conocimientos socio-ambientales y su integraci\u00f3n con las din\u00e1micas intersectoriales en el \u00e1mbito local, departamental y regional, caracterizada por la calidad de sus servicios, su liderazgo y compromiso.<\/p>\t\t\t\t\t<\/div>\n\t\t<\/div><\/div><\/div><div id=\"pg-28-1\"  class=\"panel-grid panel-no-style\" ><div id=\"pgc-28-1-0\"  class=\"panel-grid-cell panel-grid-cell-empty\" ><\/div><div id=\"pgc-28-1-1\"  class=\"panel-grid-cell panel-grid-cell-mobile-last\" ><div id=\"panel-28-1-1-0\" class=\"so-panel widget widget_media_image panel-first-child panel-last-child\" data-index=\"3\" ><img width=\"750\" height=\"454\" src=\"https:\/\/fundesac.com.co\/wp-content\/uploads\/2020\/03\/Picture2.png\" class=\"image wp-image-27  attachment-full size-full\" alt=\"\" loading=\"lazy\" style=\"max-width: 100%; height: auto;\" srcset=\"https:\/\/fundesac.com.co\/wp-content\/uploads\/2020\/03\/Picture2.png 750w, https:\/\/fundesac.com.co\/wp-content\/uploads\/2020\/03\/Picture2-300x182.png 300w\" sizes=\"(max-width: 750px) 100vw, 750px\" \/><\/div><\/div><div id=\"pgc-28-1-2\"  class=\"panel-grid-cell panel-grid-cell-empty\" ><\/div><\/div><div id=\"pg-28-2\"  class=\"panel-grid panel-no-style\" ><div id=\"pgc-28-2-0\"  class=\"panel-grid-cell\" ><div class=\"panel-cell-style panel-cell-style-for-28-2-0\" ><\/div><\/div><div id=\"pgc-28-2-1\"  class=\"panel-grid-cell\" ><div id=\"panel-28-2-1-0\" class=\"so-panel widget widget_text panel-first-child\" data-index=\"5\" ><h3 class=\"widget-title\">Nuestros Servicios<\/h3>\t\t\t<div class=\"textwidget\"><p><span style=\"font-weight: 400;\">Con el \u00e1nimo de alcanzar nuestros objetivos corporativos,\u00a0 desarrollamos cinco servicio:\u00a0<\/span><\/p>\n<ul>\n<li style=\"font-weight: 400;\"><span style=\"font-weight: 400;\">Promoci\u00f3n y Desarrollo Social.<\/span><\/li>\n<li style=\"font-weight: 400;\"><span style=\"font-weight: 400;\">Gesti\u00f3n Ambiental y Sostenibilidad.<\/span><\/li>\n<li style=\"font-weight: 400;\"><span style=\"font-weight: 400;\">Fomento Cultural.<\/span><\/li>\n<li style=\"font-weight: 400;\"><span style=\"font-weight: 400;\">Formaci\u00f3n y Capacitaci\u00f3n.<\/span><\/li>\n<li style=\"font-weight: 400;\"><span style=\"font-weight: 400;\">Asesor\u00eda Empresarial.<\/span><\/li>\n<\/ul>\n<\/div>\n\t\t<\/div><div id=\"panel-28-2-1-1\" class=\"so-panel widget widget_sow-button panel-last-child\" data-index=\"6\" ><div\n\t\t\t\n\t\t\tclass=\"so-widget-sow-button so-widget-sow-button-atom-b4f6b6b19f96-28\"\n\t\t\t\n\t\t><div class=\"ow-button-base ow-button-align-center\">\n\t<a href=\"https:\/\/fundesac.com.co\/index.php\/servicios\/\" class=\"ow-icon-placement-left ow-button-hover\" \t\t>\n\t\t<span>\n\t\t\t\n\t\t\tServicios\t\t<\/span>\n\t<\/a>\n<\/div>\n<\/div><\/div><\/div><\/div><div id=\"pg-28-3\"  class=\"panel-grid panel-no-style\" ><div id=\"pgc-28-3-0\"  class=\"panel-grid-cell\" ><div id=\"panel-28-3-0-0\" class=\"so-panel widget widget_siteorigin-panels-postloop panel-first-child panel-last-child\" data-index=\"7\" ><h3 class=\"widget-title\"><span class=\"vantage-carousel-title\"><span class=\"vantage-carousel-title-text\">Latest Posts<\/span><a href=\"#\" class=\"next\" title=\"Next\"><span class=\"vantage-icon-arrow-right\"><\/span><\/a><a href=\"#\" class=\"previous\" title=\"Previous\"><span class=\"vantage-icon-arrow-left\"><\/span><\/a><\/span><\/h3><div class=\"vantage-carousel-wrapper\">\n\n\t\n\t<ul class=\"vantage-carousel\" data-query=\"{&quot;post_status&quot;:&quot;publish&quot;,&quot;posts_per_page&quot;:2,&quot;post_type&quot;:&quot;post&quot;,&quot;date_type&quot;:&quot;specific&quot;,&quot;date_query&quot;:{&quot;after&quot;:&quot;&quot;,&quot;before&quot;:&quot;&quot;,&quot;inclusive&quot;:true},&quot;date_query_relative&quot;:&quot;{\\&quot;from\\&quot;:{\\&quot;value\\&quot;:0,\\&quot;unit\\&quot;:\\&quot;days\\&quot;},\\&quot;to\\&quot;:{\\&quot;value\\&quot;:0,\\&quot;unit\\&quot;:\\&quot;days\\&quot;}}&quot;,&quot;orderby&quot;:&quot;date&quot;,&quot;order&quot;:&quot;DESC&quot;,&quot;post__not_in&quot;:[28,28],&quot;paged&quot;:1,&quot;lazy_load_term_meta&quot;:true}\" data-ajax-url=\"https:\/\/fundesac.com.co\/wp-admin\/admin-ajax.php\">\n\t\t\t<\/ul>\n<\/div>\n<\/div><\/div><div id=\"pgc-28-3-1\"  class=\"panel-grid-cell\" ><div id=\"panel-28-3-1-0\" class=\"so-panel widget widget_text panel-first-child panel-last-child\" data-index=\"8\" >\t\t\t<div class=\"textwidget\"><\/div>\n\t\t<\/div><\/div><\/div><\/div>","protected":false},"excerpt":{"rendered":"<p>Quienes Somos FUNDESAC es una entidad conformada por un grupo de profesionales comprometidos con el desarrollo social, econ\u00f3mico, ambiental y cultural de la ciudad de Palmira, los departamentos y la naci\u00f3n; promotores del uso sustentable de los recursos naturales y las formas de construcci\u00f3n social consecuentes con la justicia, la equidad y la convivencia. Misi\u00f3n [&hellip;]<\/p>\n","protected":false},"author":1,"featured_media":0,"parent":0,"menu_order":0,"comment_status":"closed","ping_status":"closed","template":"home-panels.php","meta":[],"_links":{"self":[{"href":"https:\/\/fundesac.com.co\/index.php\/wp-json\/wp\/v2\/pages\/28"}],"collection":[{"href":"https:\/\/fundesac.com.co\/index.php\/wp-json\/wp\/v2\/pages"}],"about":[{"href":"https:\/\/fundesac.com.co\/index.php\/wp-json\/wp\/v2\/types\/page"}],"author":[{"embeddable":true,"href":"https:\/\/fundesac.com.co\/index.php\/wp-json\/wp\/v2\/users\/1"}],"replies":[{"embeddable":true,"href":"https:\/\/fundesac.com.co\/index.php\/wp-json\/wp\/v2\/comments?post=28"}],"version-history":[{"count":30,"href":"https:\/\/fundesac.com.co\/index.php\/wp-json\/wp\/v2\/pages\/28\/revisions"}],"predecessor-version":[{"id":82,"href":"https:\/\/fundesac.com.co\/index.php\/wp-json\/wp\/v2\/pages\/28\/revisions\/82"}],"wp:attachment":[{"href":"https:\/\/fundesac.com.co\/index.php\/wp-json\/wp\/v2\/media?parent=28"}],"curies":[{"name":"wp","href":"https:\/\/api.w.org\/{rel}","templated":true}]}}